{"id":722,"date":"2024-05-23T13:48:50","date_gmt":"2024-05-23T11:48:50","guid":{"rendered":"https:\/\/pracowniatanczacejwody.com.pl\/?post_type=product&#038;p=722"},"modified":"2024-05-31T22:41:02","modified_gmt":"2024-05-31T20:41:02","slug":"album-na-zdjecia","status":"publish","type":"product","link":"https:\/\/pracowniatanczacejwody.com.pl\/?product=album-na-zdjecia","title":{"rendered":"Album na zdj\u0119cia"},"content":{"rendered":"<p>Album zdobiony r\u0119cznie w technice ebru, jedyny w swoim rodzaju. Twarda ok\u0142adka, zabezpieczona werniksem, wyko\u0144czenie b\u0142yszcz\u0105ce, w \u015brodku kartki czarne ze sztywnej tektury, wi\u0105zany z boku na wst\u0105\u017ceczk\u0119. Wymiary 20,5x 20,5 cm.<\/p>\n","protected":false},"excerpt":{"rendered":"<p>Album zdobiony r\u0119cznie w technice ebru, jedyny w swoim rodzaju. Wymiary 20,5&#215;20,5cm<\/p>\n","protected":false},"featured_media":752,"comment_status":"closed","ping_status":"closed","template":"","meta":[],"product_cat":[19],"product_tag":[38,37,36,35],"class_list":{"0":"post-722","1":"product","2":"type-product","3":"status-publish","4":"has-post-thumbnail","6":"product_cat-bez-kategorii","7":"product_tag-album-rodzinny","8":"product_tag-dzien-babci","9":"product_tag-dzien-matki","10":"product_tag-prezent","12":"first","13":"instock","14":"shipping-taxable","15":"purchasable","16":"product-type-simple"},"jetpack_sharing_enabled":true,"_links":{"self":[{"href":"https:\/\/pracowniatanczacejwody.com.pl\/index.php?rest_route=\/wp\/v2\/product\/722","targetHints":{"allow":["GET"]}}],"collection":[{"href":"https:\/\/pracowniatanczacejwody.com.pl\/index.php?rest_route=\/wp\/v2\/product"}],"about":[{"href":"https:\/\/pracowniatanczacejwody.com.pl\/index.php?rest_route=\/wp\/v2\/types\/product"}],"replies":[{"embeddable":true,"href":"https:\/\/pracowniatanczacejwody.com.pl\/index.php?rest_route=%2Fwp%2Fv2%2Fcomments&post=722"}],"wp:featuredmedia":[{"embeddable":true,"href":"https:\/\/pracowniatanczacejwody.com.pl\/index.php?rest_route=\/wp\/v2\/media\/752"}],"wp:attachment":[{"href":"https:\/\/pracowniatanczacejwody.com.pl\/index.php?rest_route=%2Fwp%2Fv2%2Fmedia&parent=722"}],"wp:term":[{"taxonomy":"product_cat","embeddable":true,"href":"https:\/\/pracowniatanczacejwody.com.pl\/index.php?rest_route=%2Fwp%2Fv2%2Fproduct_cat&post=722"},{"taxonomy":"product_tag","embeddable":true,"href":"https:\/\/pracowniatanczacejwody.com.pl\/index.php?rest_route=%2Fwp%2Fv2%2Fproduct_tag&post=722"}],"curies":[{"name":"wp","href":"https:\/\/api.w.org\/{rel}","templated":true}]}}