{"id":665,"date":"2024-05-07T12:15:21","date_gmt":"2024-05-07T10:15:21","guid":{"rendered":"https:\/\/pracowniatanczacejwody.com.pl\/?page_id=665"},"modified":"2024-05-07T13:06:37","modified_gmt":"2024-05-07T11:06:37","slug":"o-pracowni-2","status":"publish","type":"page","link":"https:\/\/pracowniatanczacejwody.com.pl\/?page_id=665","title":{"rendered":"O pracowni"},"content":{"rendered":"\n<div class=\"wp-block-group is-nowrap is-layout-flex wp-container-core-group-is-layout-ad2f72ca wp-block-group-is-layout-flex\">\n<div class=\"wp-block-columns is-layout-flex wp-container-core-columns-is-layout-9d6595d7 wp-block-columns-is-layout-flex\">\n<div class=\"wp-block-column is-layout-flow wp-block-column-is-layout-flow\"><\/div>\n\n\n\n<div class=\"wp-block-column is-layout-flow wp-block-column-is-layout-flow\"><\/div>\n<\/div>\n<\/div>\n\n\n\n<p>Pracownia Ta\u0144cz\u0105cej Wody to otwarta pracownia r\u0119kodzie\u0142a artystycznego, mieszcz\u0105ca si\u0119 w male\u0144kiej wiosce na Dolnym \u015al\u0105sku. Po\u0142o\u017cenie po\u015br\u00f3d las\u00f3w i p\u00f3l, w otoczeniu bujnej przyrody to doskona\u0142e warunki do rozwijania tw\u00f3rczych pasji. Powstaje tu r\u0119kodzie\u0142o- r\u0119cznie szyte notesy i albumy, ozdobne parawany i kartki okoliczno\u015bciowe, wyrabia si\u0119 r\u0119cznie papier. Odwiedzaj\u0105cym pracownia oferuje rozmaite warsztaty zar\u00f3wno dla dzieci jak i doros\u0142ych. Zapraszam do kontaktu w celu om\u00f3wienia opcji i dopasowania do indywidualnych potrzeb.<\/p>\n\n\n\n<figure class=\"wp-block-image size-large\"><img fetchpriority=\"high\" decoding=\"async\" width=\"1024\" height=\"768\" src=\"https:\/\/pracowniatanczacejwody.com.pl\/wp-content\/uploads\/2024\/05\/IMG_3202-1024x768.jpg\" alt=\"\" class=\"wp-image-578\" srcset=\"https:\/\/pracowniatanczacejwody.com.pl\/wp-content\/uploads\/2024\/05\/IMG_3202-1024x768.jpg 1024w, https:\/\/pracowniatanczacejwody.com.pl\/wp-content\/uploads\/2024\/05\/IMG_3202-300x225.jpg 300w, https:\/\/pracowniatanczacejwody.com.pl\/wp-content\/uploads\/2024\/05\/IMG_3202-768x576.jpg 768w, https:\/\/pracowniatanczacejwody.com.pl\/wp-content\/uploads\/2024\/05\/IMG_3202-1536x1152.jpg 1536w, https:\/\/pracowniatanczacejwody.com.pl\/wp-content\/uploads\/2024\/05\/IMG_3202-2048x1536.jpg 2048w, https:\/\/pracowniatanczacejwody.com.pl\/wp-content\/uploads\/2024\/05\/IMG_3202-600x450.jpg 600w\" sizes=\"(max-width: 1024px) 100vw, 1024px\" \/><\/figure>\n","protected":false},"excerpt":{"rendered":"<p>Pracownia Ta\u0144cz\u0105cej Wody to otwarta pracownia r\u0119kodzie\u0142a artystycznego, mieszcz\u0105ca si\u0119 w male\u0144kiej wiosce na Dolnym \u015al\u0105sku. Po\u0142o\u017cenie po\u015br\u00f3d las\u00f3w i p\u00f3l, w otoczeniu bujnej przyrody to doskona\u0142e warunki do rozwijania tw\u00f3rczych pasji. Powstaje tu r\u0119kodzie\u0142o- r\u0119cznie szyte notesy i albumy, ozdobne parawany i kartki okoliczno\u015bciowe, wyrabia si\u0119 r\u0119cznie papier. Odwiedzaj\u0105cym pracownia oferuje rozmaite warsztaty zar\u00f3wno dla dzieci jak i doros\u0142ych. Zapraszam do kontaktu w celu om\u00f3wienia opcji i dopasowania do indywidualnych potrzeb.<\/p>\n","protected":false},"author":1,"featured_media":0,"parent":0,"menu_order":0,"comment_status":"closed","ping_status":"closed","template":"","meta":{"footnotes":""},"class_list":["post-665","page","type-page","status-publish","hentry"],"jetpack_sharing_enabled":true,"_links":{"self":[{"href":"https:\/\/pracowniatanczacejwody.com.pl\/index.php?rest_route=\/wp\/v2\/pages\/665","targetHints":{"allow":["GET"]}}],"collection":[{"href":"https:\/\/pracowniatanczacejwody.com.pl\/index.php?rest_route=\/wp\/v2\/pages"}],"about":[{"href":"https:\/\/pracowniatanczacejwody.com.pl\/index.php?rest_route=\/wp\/v2\/types\/page"}],"author":[{"embeddable":true,"href":"https:\/\/pracowniatanczacejwody.com.pl\/index.php?rest_route=\/wp\/v2\/users\/1"}],"replies":[{"embeddable":true,"href":"https:\/\/pracowniatanczacejwody.com.pl\/index.php?rest_route=%2Fwp%2Fv2%2Fcomments&post=665"}],"version-history":[{"count":3,"href":"https:\/\/pracowniatanczacejwody.com.pl\/index.php?rest_route=\/wp\/v2\/pages\/665\/revisions"}],"predecessor-version":[{"id":678,"href":"https:\/\/pracowniatanczacejwody.com.pl\/index.php?rest_route=\/wp\/v2\/pages\/665\/revisions\/678"}],"wp:attachment":[{"href":"https:\/\/pracowniatanczacejwody.com.pl\/index.php?rest_route=%2Fwp%2Fv2%2Fmedia&parent=665"}],"curies":[{"name":"wp","href":"https:\/\/api.w.org\/{rel}","templated":true}]}}