{"id":640,"date":"2024-05-07T10:36:11","date_gmt":"2024-05-07T08:36:11","guid":{"rendered":"https:\/\/pracowniatanczacejwody.com.pl\/?page_id=640"},"modified":"2024-05-21T21:57:30","modified_gmt":"2024-05-21T19:57:30","slug":"o-mnie","status":"publish","type":"page","link":"https:\/\/pracowniatanczacejwody.com.pl\/?page_id=640","title":{"rendered":"O mnie"},"content":{"rendered":"\n<div class=\"wp-block-columns is-layout-flex wp-container-core-columns-is-layout-9d6595d7 wp-block-columns-is-layout-flex\">\n<div class=\"wp-block-column is-layout-flow wp-block-column-is-layout-flow\">\n<p class=\"has-small-font-size\">Jestem z wykszta\u0142cenia artystk\u0105 plastykiem. Uko\u0144czy\u0142am studia na wydziale malarstwa na ASP we Wroc\u0142awiu. Prac\u0105 zwi\u0105zan\u0105 z edukacj\u0105 artystyczn\u0105 zaj\u0119\u0142am si\u0119 po studiach. Mam wieloletnie do\u015bwiadczenie w prowadzeniu rozmaitych warsztat\u00f3w plastycznych, zar\u00f3wno organizowanych indywidualnie oraz na zlecenie plac\u00f3wek edukacyjnych, dom\u00f3w kultury, fundacji, urz\u0119d\u00f3w. Posiadam do\u015bwiadczenie w pracy z dzie\u0107mi, m\u0142odzie\u017c\u0105, doros\u0142ymi, seniorami, osobami niepe\u0142nosprawnymi, obcokrajowcami. Od 2017 roku prowadz\u0119 swoje autorskie warsztaty o tematyce proekologicznej, zwi\u0105zane z wytwarzaniem i zdobieniem papieru, przybli\u017caj\u0105ce tradycyjne zapomniane techniki. Uko\u0144czy\u0142am kurs Ebru, czyli tradycyjnej tureckiej sztuki ozdabiania papieru oraz kurs instruktora plecionkarstwa.<\/p>\n<\/div>\n\n\n\n<div class=\"wp-block-column is-layout-flow wp-block-column-is-layout-flow\">\n<figure class=\"wp-block-image size-large\"><img fetchpriority=\"high\" decoding=\"async\" width=\"768\" height=\"1024\" src=\"https:\/\/pracowniatanczacejwody.com.pl\/wp-content\/uploads\/2024\/05\/IMG_3223-768x1024.jpg\" alt=\"\" class=\"wp-image-712\" srcset=\"https:\/\/pracowniatanczacejwody.com.pl\/wp-content\/uploads\/2024\/05\/IMG_3223-768x1024.jpg 768w, https:\/\/pracowniatanczacejwody.com.pl\/wp-content\/uploads\/2024\/05\/IMG_3223-225x300.jpg 225w, https:\/\/pracowniatanczacejwody.com.pl\/wp-content\/uploads\/2024\/05\/IMG_3223-1152x1536.jpg 1152w, https:\/\/pracowniatanczacejwody.com.pl\/wp-content\/uploads\/2024\/05\/IMG_3223-1536x2048.jpg 1536w, https:\/\/pracowniatanczacejwody.com.pl\/wp-content\/uploads\/2024\/05\/IMG_3223-600x800.jpg 600w, https:\/\/pracowniatanczacejwody.com.pl\/wp-content\/uploads\/2024\/05\/IMG_3223-scaled.jpg 1920w\" sizes=\"(max-width: 768px) 100vw, 768px\" \/><\/figure>\n<\/div>\n<\/div>\n","protected":false},"excerpt":{"rendered":"<p>Jestem z wykszta\u0142cenia artystk\u0105 plastykiem. Uko\u0144czy\u0142am studia na wydziale malarstwa na ASP we Wroc\u0142awiu. Prac\u0105 zwi\u0105zan\u0105 z edukacj\u0105 artystyczn\u0105 zaj\u0119\u0142am si\u0119 po studiach. Mam wieloletnie do\u015bwiadczenie w prowadzeniu rozmaitych warsztat\u00f3w plastycznych, zar\u00f3wno organizowanych indywidualnie oraz na zlecenie plac\u00f3wek edukacyjnych, dom\u00f3w kultury, fundacji, urz\u0119d\u00f3w. Posiadam do\u015bwiadczenie w pracy z dzie\u0107mi, m\u0142odzie\u017c\u0105, doros\u0142ymi, seniorami, osobami niepe\u0142nosprawnymi, obcokrajowcami. Od 2017 roku prowadz\u0119 swoje autorskie warsztaty o tematyce proekologicznej, zwi\u0105zane z wytwarzaniem i zdobieniem papieru, przybli\u017caj\u0105ce tradycyjne zapomniane techniki. Uko\u0144czy\u0142am kurs Ebru,&hellip;<\/p>\n","protected":false},"author":1,"featured_media":0,"parent":0,"menu_order":0,"comment_status":"closed","ping_status":"closed","template":"","meta":{"footnotes":""},"class_list":["post-640","page","type-page","status-publish","hentry"],"jetpack_sharing_enabled":true,"_links":{"self":[{"href":"https:\/\/pracowniatanczacejwody.com.pl\/index.php?rest_route=\/wp\/v2\/pages\/640","targetHints":{"allow":["GET"]}}],"collection":[{"href":"https:\/\/pracowniatanczacejwody.com.pl\/index.php?rest_route=\/wp\/v2\/pages"}],"about":[{"href":"https:\/\/pracowniatanczacejwody.com.pl\/index.php?rest_route=\/wp\/v2\/types\/page"}],"author":[{"embeddable":true,"href":"https:\/\/pracowniatanczacejwody.com.pl\/index.php?rest_route=\/wp\/v2\/users\/1"}],"replies":[{"embeddable":true,"href":"https:\/\/pracowniatanczacejwody.com.pl\/index.php?rest_route=%2Fwp%2Fv2%2Fcomments&post=640"}],"version-history":[{"count":4,"href":"https:\/\/pracowniatanczacejwody.com.pl\/index.php?rest_route=\/wp\/v2\/pages\/640\/revisions"}],"predecessor-version":[{"id":714,"href":"https:\/\/pracowniatanczacejwody.com.pl\/index.php?rest_route=\/wp\/v2\/pages\/640\/revisions\/714"}],"wp:attachment":[{"href":"https:\/\/pracowniatanczacejwody.com.pl\/index.php?rest_route=%2Fwp%2Fv2%2Fmedia&parent=640"}],"curies":[{"name":"wp","href":"https:\/\/api.w.org\/{rel}","templated":true}]}}