{"id":622,"date":"2024-05-07T10:22:12","date_gmt":"2024-05-07T08:22:12","guid":{"rendered":"https:\/\/pracowniatanczacejwody.com.pl\/?page_id=622"},"modified":"2024-05-21T22:09:48","modified_gmt":"2024-05-21T20:09:48","slug":"rekodzielo","status":"publish","type":"page","link":"https:\/\/pracowniatanczacejwody.com.pl\/?page_id=622","title":{"rendered":"R\u0119kodzie\u0142o"},"content":{"rendered":"\n<div class=\"wp-block-columns is-layout-flex wp-container-core-columns-is-layout-9d6595d7 wp-block-columns-is-layout-flex\">\n<div class=\"wp-block-column is-layout-flow wp-block-column-is-layout-flow\">\n<p class=\"has-medium-font-size\">Pracownia oferuje r\u0119cznie szyte i oprawiane notesy oraz albumy na zdj\u0119cia, a tak\u017ce ozdobne papeterie (zaproszenie i koperta, wykonane z r\u0119cznie czerpanych i zdobionych papier\u00f3w). Pude\u0142ka drewniane ozdobione papierem Ebru, parawany z drewna i ozdobnego papieru. R\u00f3\u017cne opcje kolorystyczne i rozmiary dost\u0119pne tak\u017ce na zam\u00f3wienie indywidualne. Notesy mog\u0105 by\u0107 na \u017cyczenie klienta spersonalizowane (ozdobny napis, dedykacja) Wszystkie produkty dost\u0119pne stacjonarnie w pracowni (mo\u017cna tak\u017ce ogl\u0105da\u0107 proces ich powstawania) oraz w sklepie internetowym.&nbsp;&nbsp;<\/p>\n<\/div>\n\n\n\n<div class=\"wp-block-column is-layout-flow wp-block-column-is-layout-flow\">\n<figure class=\"wp-block-image size-full\"><img fetchpriority=\"high\" decoding=\"async\" width=\"960\" height=\"796\" src=\"https:\/\/pracowniatanczacejwody.com.pl\/wp-content\/uploads\/2024\/04\/424742616_842194657712455_4884868232235622665_n-2.jpg\" alt=\"\" class=\"wp-image-511\" srcset=\"https:\/\/pracowniatanczacejwody.com.pl\/wp-content\/uploads\/2024\/04\/424742616_842194657712455_4884868232235622665_n-2.jpg 960w, https:\/\/pracowniatanczacejwody.com.pl\/wp-content\/uploads\/2024\/04\/424742616_842194657712455_4884868232235622665_n-2-600x498.jpg 600w, https:\/\/pracowniatanczacejwody.com.pl\/wp-content\/uploads\/2024\/04\/424742616_842194657712455_4884868232235622665_n-2-300x249.jpg 300w, https:\/\/pracowniatanczacejwody.com.pl\/wp-content\/uploads\/2024\/04\/424742616_842194657712455_4884868232235622665_n-2-768x637.jpg 768w\" sizes=\"(max-width: 960px) 100vw, 960px\" \/><\/figure>\n<\/div>\n<\/div>\n\n\n\n<figure class=\"wp-block-gallery has-nested-images columns-default is-cropped wp-block-gallery-1 is-layout-flex wp-block-gallery-is-layout-flex\">\n<figure class=\"wp-block-image size-large\"><img decoding=\"async\" width=\"1024\" height=\"769\" data-id=\"634\" src=\"https:\/\/pracowniatanczacejwody.com.pl\/wp-content\/uploads\/2024\/05\/IMG_2990-1024x769.jpg\" alt=\"\" class=\"wp-image-634\" srcset=\"https:\/\/pracowniatanczacejwody.com.pl\/wp-content\/uploads\/2024\/05\/IMG_2990-1024x769.jpg 1024w, https:\/\/pracowniatanczacejwody.com.pl\/wp-content\/uploads\/2024\/05\/IMG_2990-300x225.jpg 300w, https:\/\/pracowniatanczacejwody.com.pl\/wp-content\/uploads\/2024\/05\/IMG_2990-768x577.jpg 768w, https:\/\/pracowniatanczacejwody.com.pl\/wp-content\/uploads\/2024\/05\/IMG_2990-1536x1154.jpg 1536w, https:\/\/pracowniatanczacejwody.com.pl\/wp-content\/uploads\/2024\/05\/IMG_2990-2048x1539.jpg 2048w, https:\/\/pracowniatanczacejwody.com.pl\/wp-content\/uploads\/2024\/05\/IMG_2990-600x451.jpg 600w\" sizes=\"(max-width: 1024px) 100vw, 1024px\" \/><\/figure>\n\n\n\n<figure class=\"wp-block-image size-large\"><img decoding=\"async\" width=\"768\" height=\"1024\" data-id=\"632\" src=\"https:\/\/pracowniatanczacejwody.com.pl\/wp-content\/uploads\/2024\/05\/IMG_2984-768x1024.jpg\" alt=\"\" class=\"wp-image-632\" srcset=\"https:\/\/pracowniatanczacejwody.com.pl\/wp-content\/uploads\/2024\/05\/IMG_2984-768x1024.jpg 768w, https:\/\/pracowniatanczacejwody.com.pl\/wp-content\/uploads\/2024\/05\/IMG_2984-225x300.jpg 225w, https:\/\/pracowniatanczacejwody.com.pl\/wp-content\/uploads\/2024\/05\/IMG_2984-1152x1536.jpg 1152w, https:\/\/pracowniatanczacejwody.com.pl\/wp-content\/uploads\/2024\/05\/IMG_2984-1536x2048.jpg 1536w, https:\/\/pracowniatanczacejwody.com.pl\/wp-content\/uploads\/2024\/05\/IMG_2984-600x800.jpg 600w, https:\/\/pracowniatanczacejwody.com.pl\/wp-content\/uploads\/2024\/05\/IMG_2984-scaled.jpg 1920w\" sizes=\"(max-width: 768px) 100vw, 768px\" \/><\/figure>\n\n\n\n<figure class=\"wp-block-image size-large\"><img loading=\"lazy\" decoding=\"async\" width=\"768\" height=\"1024\" data-id=\"629\" src=\"https:\/\/pracowniatanczacejwody.com.pl\/wp-content\/uploads\/2024\/05\/IMG_2327-768x1024.jpg\" alt=\"\" class=\"wp-image-629\" srcset=\"https:\/\/pracowniatanczacejwody.com.pl\/wp-content\/uploads\/2024\/05\/IMG_2327-768x1024.jpg 768w, https:\/\/pracowniatanczacejwody.com.pl\/wp-content\/uploads\/2024\/05\/IMG_2327-225x300.jpg 225w, https:\/\/pracowniatanczacejwody.com.pl\/wp-content\/uploads\/2024\/05\/IMG_2327-1152x1536.jpg 1152w, https:\/\/pracowniatanczacejwody.com.pl\/wp-content\/uploads\/2024\/05\/IMG_2327-1536x2048.jpg 1536w, https:\/\/pracowniatanczacejwody.com.pl\/wp-content\/uploads\/2024\/05\/IMG_2327-600x800.jpg 600w, https:\/\/pracowniatanczacejwody.com.pl\/wp-content\/uploads\/2024\/05\/IMG_2327-scaled.jpg 1920w\" sizes=\"(max-width: 768px) 100vw, 768px\" \/><\/figure>\n\n\n\n<figure class=\"wp-block-image size-large\"><img loading=\"lazy\" decoding=\"async\" width=\"784\" height=\"1024\" data-id=\"628\" src=\"https:\/\/pracowniatanczacejwody.com.pl\/wp-content\/uploads\/2024\/05\/IMG_2374-784x1024.jpg\" alt=\"\" class=\"wp-image-628\" srcset=\"https:\/\/pracowniatanczacejwody.com.pl\/wp-content\/uploads\/2024\/05\/IMG_2374-784x1024.jpg 784w, https:\/\/pracowniatanczacejwody.com.pl\/wp-content\/uploads\/2024\/05\/IMG_2374-230x300.jpg 230w, https:\/\/pracowniatanczacejwody.com.pl\/wp-content\/uploads\/2024\/05\/IMG_2374-768x1004.jpg 768w, https:\/\/pracowniatanczacejwody.com.pl\/wp-content\/uploads\/2024\/05\/IMG_2374-1175x1536.jpg 1175w, https:\/\/pracowniatanczacejwody.com.pl\/wp-content\/uploads\/2024\/05\/IMG_2374-1567x2048.jpg 1567w, https:\/\/pracowniatanczacejwody.com.pl\/wp-content\/uploads\/2024\/05\/IMG_2374-600x784.jpg 600w, https:\/\/pracowniatanczacejwody.com.pl\/wp-content\/uploads\/2024\/05\/IMG_2374-scaled.jpg 1959w\" sizes=\"(max-width: 784px) 100vw, 784px\" \/><\/figure>\n\n\n\n<figure class=\"wp-block-image size-large\"><img loading=\"lazy\" decoding=\"async\" width=\"735\" height=\"1024\" data-id=\"631\" src=\"https:\/\/pracowniatanczacejwody.com.pl\/wp-content\/uploads\/2024\/05\/IMG_2371-735x1024.jpg\" alt=\"\" class=\"wp-image-631\" srcset=\"https:\/\/pracowniatanczacejwody.com.pl\/wp-content\/uploads\/2024\/05\/IMG_2371-735x1024.jpg 735w, https:\/\/pracowniatanczacejwody.com.pl\/wp-content\/uploads\/2024\/05\/IMG_2371-215x300.jpg 215w, https:\/\/pracowniatanczacejwody.com.pl\/wp-content\/uploads\/2024\/05\/IMG_2371-768x1070.jpg 768w, https:\/\/pracowniatanczacejwody.com.pl\/wp-content\/uploads\/2024\/05\/IMG_2371-1103x1536.jpg 1103w, https:\/\/pracowniatanczacejwody.com.pl\/wp-content\/uploads\/2024\/05\/IMG_2371-1470x2048.jpg 1470w, https:\/\/pracowniatanczacejwody.com.pl\/wp-content\/uploads\/2024\/05\/IMG_2371-600x836.jpg 600w, https:\/\/pracowniatanczacejwody.com.pl\/wp-content\/uploads\/2024\/05\/IMG_2371-scaled.jpg 1838w\" sizes=\"(max-width: 735px) 100vw, 735px\" \/><\/figure>\n\n\n\n<figure class=\"wp-block-image size-large\"><img loading=\"lazy\" decoding=\"async\" width=\"813\" height=\"1024\" data-id=\"627\" src=\"https:\/\/pracowniatanczacejwody.com.pl\/wp-content\/uploads\/2024\/05\/IMG_2375-813x1024.jpg\" alt=\"\" class=\"wp-image-627\" srcset=\"https:\/\/pracowniatanczacejwody.com.pl\/wp-content\/uploads\/2024\/05\/IMG_2375-813x1024.jpg 813w, https:\/\/pracowniatanczacejwody.com.pl\/wp-content\/uploads\/2024\/05\/IMG_2375-238x300.jpg 238w, https:\/\/pracowniatanczacejwody.com.pl\/wp-content\/uploads\/2024\/05\/IMG_2375-768x968.jpg 768w, https:\/\/pracowniatanczacejwody.com.pl\/wp-content\/uploads\/2024\/05\/IMG_2375-1219x1536.jpg 1219w, https:\/\/pracowniatanczacejwody.com.pl\/wp-content\/uploads\/2024\/05\/IMG_2375-1625x2048.jpg 1625w, https:\/\/pracowniatanczacejwody.com.pl\/wp-content\/uploads\/2024\/05\/IMG_2375-600x756.jpg 600w, https:\/\/pracowniatanczacejwody.com.pl\/wp-content\/uploads\/2024\/05\/IMG_2375-scaled.jpg 2032w\" sizes=\"(max-width: 813px) 100vw, 813px\" \/><\/figure>\n\n\n\n<figure class=\"wp-block-image size-large\"><img loading=\"lazy\" decoding=\"async\" width=\"1024\" height=\"768\" data-id=\"626\" src=\"https:\/\/pracowniatanczacejwody.com.pl\/wp-content\/uploads\/2024\/05\/IMG_2996-1-1024x768.jpg\" alt=\"\" class=\"wp-image-626\" srcset=\"https:\/\/pracowniatanczacejwody.com.pl\/wp-content\/uploads\/2024\/05\/IMG_2996-1-1024x768.jpg 1024w, https:\/\/pracowniatanczacejwody.com.pl\/wp-content\/uploads\/2024\/05\/IMG_2996-1-300x225.jpg 300w, https:\/\/pracowniatanczacejwody.com.pl\/wp-content\/uploads\/2024\/05\/IMG_2996-1-768x576.jpg 768w, https:\/\/pracowniatanczacejwody.com.pl\/wp-content\/uploads\/2024\/05\/IMG_2996-1-1536x1152.jpg 1536w, https:\/\/pracowniatanczacejwody.com.pl\/wp-content\/uploads\/2024\/05\/IMG_2996-1-2048x1536.jpg 2048w, https:\/\/pracowniatanczacejwody.com.pl\/wp-content\/uploads\/2024\/05\/IMG_2996-1-600x450.jpg 600w\" sizes=\"(max-width: 1024px) 100vw, 1024px\" \/><\/figure>\n\n\n\n<figure class=\"wp-block-image size-large is-style-default\"><img loading=\"lazy\" decoding=\"async\" width=\"768\" height=\"1024\" data-id=\"633\" src=\"https:\/\/pracowniatanczacejwody.com.pl\/wp-content\/uploads\/2024\/05\/IMG_2314-768x1024.jpg\" alt=\"\" class=\"wp-image-633\" srcset=\"https:\/\/pracowniatanczacejwody.com.pl\/wp-content\/uploads\/2024\/05\/IMG_2314-768x1024.jpg 768w, https:\/\/pracowniatanczacejwody.com.pl\/wp-content\/uploads\/2024\/05\/IMG_2314-225x300.jpg 225w, https:\/\/pracowniatanczacejwody.com.pl\/wp-content\/uploads\/2024\/05\/IMG_2314-1152x1536.jpg 1152w, https:\/\/pracowniatanczacejwody.com.pl\/wp-content\/uploads\/2024\/05\/IMG_2314-1536x2048.jpg 1536w, https:\/\/pracowniatanczacejwody.com.pl\/wp-content\/uploads\/2024\/05\/IMG_2314-600x800.jpg 600w, https:\/\/pracowniatanczacejwody.com.pl\/wp-content\/uploads\/2024\/05\/IMG_2314-scaled.jpg 1920w\" sizes=\"(max-width: 768px) 100vw, 768px\" \/><\/figure>\n\n\n\n<figure class=\"wp-block-image size-large\"><img loading=\"lazy\" decoding=\"async\" width=\"1024\" height=\"768\" data-id=\"630\" src=\"https:\/\/pracowniatanczacejwody.com.pl\/wp-content\/uploads\/2024\/05\/IMG_2914-1024x768.jpg\" alt=\"\" class=\"wp-image-630\" srcset=\"https:\/\/pracowniatanczacejwody.com.pl\/wp-content\/uploads\/2024\/05\/IMG_2914-1024x768.jpg 1024w, https:\/\/pracowniatanczacejwody.com.pl\/wp-content\/uploads\/2024\/05\/IMG_2914-300x225.jpg 300w, https:\/\/pracowniatanczacejwody.com.pl\/wp-content\/uploads\/2024\/05\/IMG_2914-768x576.jpg 768w, https:\/\/pracowniatanczacejwody.com.pl\/wp-content\/uploads\/2024\/05\/IMG_2914-1536x1152.jpg 1536w, https:\/\/pracowniatanczacejwody.com.pl\/wp-content\/uploads\/2024\/05\/IMG_2914-2048x1536.jpg 2048w, https:\/\/pracowniatanczacejwody.com.pl\/wp-content\/uploads\/2024\/05\/IMG_2914-600x450.jpg 600w\" sizes=\"(max-width: 1024px) 100vw, 1024px\" \/><\/figure>\n<\/figure>\n","protected":false},"excerpt":{"rendered":"<p>Pracownia oferuje r\u0119cznie szyte i oprawiane notesy oraz albumy na zdj\u0119cia, a tak\u017ce ozdobne papeterie (zaproszenie i koperta, wykonane z r\u0119cznie czerpanych i zdobionych papier\u00f3w). Pude\u0142ka drewniane ozdobione papierem Ebru, parawany z drewna i ozdobnego papieru. R\u00f3\u017cne opcje kolorystyczne i rozmiary dost\u0119pne tak\u017ce na zam\u00f3wienie indywidualne. Notesy mog\u0105 by\u0107 na \u017cyczenie klienta spersonalizowane (ozdobny napis, dedykacja) Wszystkie produkty dost\u0119pne stacjonarnie w pracowni (mo\u017cna tak\u017ce ogl\u0105da\u0107 proces ich powstawania) oraz w sklepie internetowym.&nbsp;&nbsp;<\/p>\n","protected":false},"author":1,"featured_media":0,"parent":0,"menu_order":0,"comment_status":"closed","ping_status":"closed","template":"","meta":{"footnotes":""},"class_list":["post-622","page","type-page","status-publish","hentry"],"jetpack_sharing_enabled":true,"_links":{"self":[{"href":"https:\/\/pracowniatanczacejwody.com.pl\/index.php?rest_route=\/wp\/v2\/pages\/622","targetHints":{"allow":["GET"]}}],"collection":[{"href":"https:\/\/pracowniatanczacejwody.com.pl\/index.php?rest_route=\/wp\/v2\/pages"}],"about":[{"href":"https:\/\/pracowniatanczacejwody.com.pl\/index.php?rest_route=\/wp\/v2\/types\/page"}],"author":[{"embeddable":true,"href":"https:\/\/pracowniatanczacejwody.com.pl\/index.php?rest_route=\/wp\/v2\/users\/1"}],"replies":[{"embeddable":true,"href":"https:\/\/pracowniatanczacejwody.com.pl\/index.php?rest_route=%2Fwp%2Fv2%2Fcomments&post=622"}],"version-history":[{"count":5,"href":"https:\/\/pracowniatanczacejwody.com.pl\/index.php?rest_route=\/wp\/v2\/pages\/622\/revisions"}],"predecessor-version":[{"id":721,"href":"https:\/\/pracowniatanczacejwody.com.pl\/index.php?rest_route=\/wp\/v2\/pages\/622\/revisions\/721"}],"wp:attachment":[{"href":"https:\/\/pracowniatanczacejwody.com.pl\/index.php?rest_route=%2Fwp%2Fv2%2Fmedia&parent=622"}],"curies":[{"name":"wp","href":"https:\/\/api.w.org\/{rel}","templated":true}]}}