{"id":6,"date":"2024-05-06T23:43:00","date_gmt":"2024-05-06T21:43:00","guid":{"rendered":"https:\/\/pracowniatanczacejwody.com.pl\/?page_id=6"},"modified":"2024-05-21T21:59:45","modified_gmt":"2024-05-21T19:59:45","slug":"o-pracowni","status":"publish","type":"page","link":"https:\/\/pracowniatanczacejwody.com.pl\/?page_id=6","title":{"rendered":"Dotacja"},"content":{"rendered":"\n<div class=\"wp-block-columns is-layout-flex wp-container-core-columns-is-layout-9d6595d7 wp-block-columns-is-layout-flex\">\n<div class=\"wp-block-column is-layout-flow wp-block-column-is-layout-flow\" style=\"flex-basis:100%\">\n<p class=\"has-small-font-size\"><\/p>\n<\/div>\n<\/div>\n\n\n\n<figure class=\"wp-block-image size-large\"><img fetchpriority=\"high\" decoding=\"async\" width=\"1024\" height=\"768\" src=\"https:\/\/pracowniatanczacejwody.com.pl\/wp-content\/uploads\/2024\/05\/IMG_3216-1024x768.jpg\" alt=\"\" class=\"wp-image-711\" srcset=\"https:\/\/pracowniatanczacejwody.com.pl\/wp-content\/uploads\/2024\/05\/IMG_3216-1024x768.jpg 1024w, https:\/\/pracowniatanczacejwody.com.pl\/wp-content\/uploads\/2024\/05\/IMG_3216-300x225.jpg 300w, https:\/\/pracowniatanczacejwody.com.pl\/wp-content\/uploads\/2024\/05\/IMG_3216-768x576.jpg 768w, https:\/\/pracowniatanczacejwody.com.pl\/wp-content\/uploads\/2024\/05\/IMG_3216-1536x1152.jpg 1536w, https:\/\/pracowniatanczacejwody.com.pl\/wp-content\/uploads\/2024\/05\/IMG_3216-2048x1536.jpg 2048w, https:\/\/pracowniatanczacejwody.com.pl\/wp-content\/uploads\/2024\/05\/IMG_3216-600x450.jpg 600w\" sizes=\"(max-width: 1024px) 100vw, 1024px\" \/><\/figure>\n\n\n\n<p class=\"has-text-align-center has-small-font-size\">\u201eEuropejski Fundusz Rolny na rzecz Rozwoju Obszar\u00f3w Wiejskich: Europa inwestuj\u0105ca w obszary wiejskie\u201d<\/p>\n\n\n\n<div class=\"wp-block-group\"><div class=\"wp-block-group__inner-container is-layout-constrained wp-block-group-is-layout-constrained\">\n<p class=\"has-small-font-size\">Operacja pod nazw\u0105&nbsp; &#8222;Pracownia Ta\u0144cz\u0105cej Wody- natura, r\u0119kodzie\u0142o i tradycja&#8221; b\u0119dzie polega\u0142a na powo\u0142aniu nowego podmiotu gospodarczego w regionie organizuj\u0105cego unikatowe warsztaty artystyczno- edukacyjne oraz pokazy r\u0119kodzie\u0142a artystycznego, a tak\u017ce prowadz\u0105cego sprzeda\u017c autorskiego r\u0119kodzie\u0142a..&#8221; wsp\u00f3\u0142finansowana jest ze \u015brodk\u00f3w Unii Europejskiej w ramach dzia\u0142ania 19. \u201eWsparcie dla rozwoju lokalnego w ramach inicjatywy LEADER\u201d, poddzia\u0142anie 19.2 \u201eWsparcie na wdra\u017canie operacji w ramach strategii rozwoju lokalnego kierowanego przez spo\u0142eczno\u015b\u0107\u201d Programu Rozwoju Obszar\u00f3w Wiejskich na lata 2014-2020.<\/p>\n\n\n\n<p class=\"has-small-font-size\">Operacja realizowana w ramach strategii rozwoju lokalnego kierowanego przez spo\u0142eczno\u015b\u0107 wdra\u017canej&nbsp;przez LGD Qwsi.<\/p>\n\n\n\n<p class=\"has-small-font-size\">Przewidywane wyniki&nbsp;operacji: za\u0142o\u017cenie firmy, rozwini\u0119cie i utrzymanie dotychczas wykonywanej dzia\u0142alno\u015bci artystycznej i warsztatowej poprzez stworzenie atrakcyjnego miejsca i zakup innowacyjnego sprz\u0119tu do prowadzenia zaj\u0119\u0107.&nbsp;Poprawienie komfortu i efektywno\u015bci pracy poprzez zastosowanie efektywnego i energooszcz\u0119dnego systemu ogrzewania pracowni.<\/p>\n\n\n\n<figure class=\"wp-block-image size-full\"><img decoding=\"async\" width=\"228\" height=\"72\" src=\"https:\/\/pracowniatanczacejwody.com.pl\/wp-content\/uploads\/2024\/05\/dotacjaBnapis.png\" alt=\"\" class=\"wp-image-661\"\/><\/figure>\n<\/div><\/div>\n","protected":false},"excerpt":{"rendered":"<p>\u201eEuropejski Fundusz Rolny na rzecz Rozwoju Obszar\u00f3w Wiejskich: Europa inwestuj\u0105ca w obszary wiejskie\u201d Operacja pod nazw\u0105&nbsp; &#8222;Pracownia Ta\u0144cz\u0105cej Wody- natura, r\u0119kodzie\u0142o i tradycja&#8221; b\u0119dzie polega\u0142a na powo\u0142aniu nowego podmiotu gospodarczego w regionie organizuj\u0105cego unikatowe warsztaty artystyczno- edukacyjne oraz pokazy r\u0119kodzie\u0142a artystycznego, a tak\u017ce prowadz\u0105cego sprzeda\u017c autorskiego r\u0119kodzie\u0142a..&#8221; wsp\u00f3\u0142finansowana jest ze \u015brodk\u00f3w Unii Europejskiej w ramach dzia\u0142ania 19. \u201eWsparcie dla rozwoju lokalnego w ramach inicjatywy LEADER\u201d, poddzia\u0142anie 19.2 \u201eWsparcie na wdra\u017canie operacji w ramach strategii rozwoju lokalnego kierowanego przez&hellip;<\/p>\n","protected":false},"author":1,"featured_media":0,"parent":0,"menu_order":0,"comment_status":"closed","ping_status":"closed","template":"","meta":{"footnotes":""},"class_list":["post-6","page","type-page","status-publish","hentry"],"jetpack_sharing_enabled":true,"_links":{"self":[{"href":"https:\/\/pracowniatanczacejwody.com.pl\/index.php?rest_route=\/wp\/v2\/pages\/6","targetHints":{"allow":["GET"]}}],"collection":[{"href":"https:\/\/pracowniatanczacejwody.com.pl\/index.php?rest_route=\/wp\/v2\/pages"}],"about":[{"href":"https:\/\/pracowniatanczacejwody.com.pl\/index.php?rest_route=\/wp\/v2\/types\/page"}],"author":[{"embeddable":true,"href":"https:\/\/pracowniatanczacejwody.com.pl\/index.php?rest_route=\/wp\/v2\/users\/1"}],"replies":[{"embeddable":true,"href":"https:\/\/pracowniatanczacejwody.com.pl\/index.php?rest_route=%2Fwp%2Fv2%2Fcomments&post=6"}],"version-history":[{"count":14,"href":"https:\/\/pracowniatanczacejwody.com.pl\/index.php?rest_route=\/wp\/v2\/pages\/6\/revisions"}],"predecessor-version":[{"id":715,"href":"https:\/\/pracowniatanczacejwody.com.pl\/index.php?rest_route=\/wp\/v2\/pages\/6\/revisions\/715"}],"wp:attachment":[{"href":"https:\/\/pracowniatanczacejwody.com.pl\/index.php?rest_route=%2Fwp%2Fv2%2Fmedia&parent=6"}],"curies":[{"name":"wp","href":"https:\/\/api.w.org\/{rel}","templated":true}]}}