{"id":2,"date":"2024-04-19T09:41:15","date_gmt":"2024-04-19T07:41:15","guid":{"rendered":"https:\/\/pracowniatanczacejwody.com.pl\/?page_id=2"},"modified":"2024-05-21T22:08:59","modified_gmt":"2024-05-21T20:08:59","slug":"przykladowa-strona","status":"publish","type":"page","link":"https:\/\/pracowniatanczacejwody.com.pl\/?page_id=2","title":{"rendered":"Warsztaty"},"content":{"rendered":"\n<p>Zapraszam do kontaktu w celu om\u00f3wienia szczeg\u00f3\u0142\u00f3w warsztat\u00f3w i dopasowania do potrzeb uczestnik\u00f3w. Ceny s\u0105 ustalane indywidualne w zale\u017cno\u015bci od wielko\u015bci grupy, czasu trwania, oczekiwa\u0144.<\/p>\n\n\n\n<div class=\"wp-block-columns is-layout-flex wp-container-core-columns-is-layout-9d6595d7 wp-block-columns-is-layout-flex\">\n<div class=\"wp-block-column is-layout-flow wp-block-column-is-layout-flow\">\n<p><strong>Warsztaty<\/strong> <strong>Ebru, czyli malowanie na wodzie.<\/strong><\/p>\n\n\n\n<p class=\"has-medium-font-size\"> Ebru to tradycyjna turecka sztuka zdobienia papieru. Wynaleziona w \u015bredniowieczu i do dzi\u015b praktykuje si\u0119 j\u0105 w niezmienionej formie, przy u\u017cyciu tradycyjnych materia\u0142\u00f3w i farb naturalnego pochodzenia. Farby rozprowadza si\u0119 na wodzie na pomoc\u0105 specjalnych p\u0119dzli i szpikulc\u00f3w. Kolory unosz\u0105 si\u0119 na powierzchni tworz\u0105c wielobarwny dywan. Mo\u017cna je formowa\u0107 w wiele tradycyjnych wzor\u00f3w, za pomoc\u0105 specjalnych grzebieni i innych narz\u0119dzi. Nast\u0119pnie namalowany wz\u00f3r odbija si\u0119 na specjalnym papierze.  Papiery Ebru tradycyjnie wykorzystywano do oprawiania ksi\u0105\u017cek<\/p>\n\n\n\n<p><\/p>\n\n\n\n<p><\/p>\n<\/div>\n\n\n\n<div class=\"wp-block-column is-layout-flow wp-block-column-is-layout-flow\">\n<figure class=\"wp-block-image size-full\"><img fetchpriority=\"high\" decoding=\"async\" width=\"2048\" height=\"1328\" src=\"https:\/\/pracowniatanczacejwody.com.pl\/wp-content\/uploads\/2024\/04\/428672987_846195623979025_6691219872528245531_n-2.jpg\" alt=\"\" class=\"wp-image-512\" srcset=\"https:\/\/pracowniatanczacejwody.com.pl\/wp-content\/uploads\/2024\/04\/428672987_846195623979025_6691219872528245531_n-2.jpg 2048w, https:\/\/pracowniatanczacejwody.com.pl\/wp-content\/uploads\/2024\/04\/428672987_846195623979025_6691219872528245531_n-2-600x389.jpg 600w, https:\/\/pracowniatanczacejwody.com.pl\/wp-content\/uploads\/2024\/04\/428672987_846195623979025_6691219872528245531_n-2-300x195.jpg 300w, https:\/\/pracowniatanczacejwody.com.pl\/wp-content\/uploads\/2024\/04\/428672987_846195623979025_6691219872528245531_n-2-1024x664.jpg 1024w, https:\/\/pracowniatanczacejwody.com.pl\/wp-content\/uploads\/2024\/04\/428672987_846195623979025_6691219872528245531_n-2-768x498.jpg 768w, https:\/\/pracowniatanczacejwody.com.pl\/wp-content\/uploads\/2024\/04\/428672987_846195623979025_6691219872528245531_n-2-1536x996.jpg 1536w\" sizes=\"(max-width: 2048px) 100vw, 2048px\" \/><\/figure>\n<\/div>\n<\/div>\n\n\n\n<div class=\"wp-block-columns is-layout-flex wp-container-core-columns-is-layout-9d6595d7 wp-block-columns-is-layout-flex\">\n<div class=\"wp-block-column is-layout-flow wp-block-column-is-layout-flow\">\n<p class=\"has-medium-font-size\"><strong>Warsztaty czerpania papieru metod\u0105 tradycyjn\u0105<\/strong><\/p>\n\n\n\n<p class=\"has-medium-font-size\">Z czego si\u0119 robi papier? Jak powstaje? Jak robiono go kiedy\u015b? Na te pytania odpowiemy sobie w trakcie zaj\u0119\u0107. Uczestnicy obejrz\u0105 rozmaite rodzaje papier\u00f3w czerpanych i tradycyjnych (papier ry\u017cowy, papier ze s\u0142omy, z odchod\u00f3w s\u0142onia, ze starych ubra\u0144) W trakcie zaj\u0119\u0107 wsp\u00f3lnie przygotowuje si\u0119 pulp\u0119 papierow\u0105 i ka\u017cdy uczestnik b\u0119dzie m\u00f3g\u0142 stworzy\u0107 sw\u00f3j arkusz papieru tradycyjn\u0105 metod\u0105 czerpania sitem. Obecnie papier na skal\u0119 przemys\u0142ow\u0105 robi si\u0119 z celulozy drzewnej, ale czy jest to w\u0142a\u015bciwie konieczne, skoro istnieje wiele bogatych w celuloz\u0119 ro\u015blin, w tym pospolitych traw i chwast\u00f3w?&nbsp;<\/p>\n\n\n\n<p class=\"has-medium-font-size\">My przyrz\u0105dzimy swoj\u0105 pulp\u0119 papierow\u0105 z zebranych w okolicy ro\u015blin oraz zu\u017cytych materia\u0142\u00f3w, tak jak robiono to w \u015bredniowieczu. Dodatkowo zatopimy w naszych arkuszach p\u0142atki okolicznych kwiatk\u00f3w i zabarwimy je ro\u015blinnymi barwnikami.&nbsp;<\/p>\n<\/div>\n\n\n\n<div class=\"wp-block-column is-layout-flow wp-block-column-is-layout-flow\">\n<figure class=\"wp-block-image size-large\"><img decoding=\"async\" width=\"768\" height=\"1024\" src=\"https:\/\/pracowniatanczacejwody.com.pl\/wp-content\/uploads\/2024\/05\/IMG_3151-768x1024.jpg\" alt=\"\" class=\"wp-image-607\" srcset=\"https:\/\/pracowniatanczacejwody.com.pl\/wp-content\/uploads\/2024\/05\/IMG_3151-768x1024.jpg 768w, https:\/\/pracowniatanczacejwody.com.pl\/wp-content\/uploads\/2024\/05\/IMG_3151-225x300.jpg 225w, https:\/\/pracowniatanczacejwody.com.pl\/wp-content\/uploads\/2024\/05\/IMG_3151-1152x1536.jpg 1152w, https:\/\/pracowniatanczacejwody.com.pl\/wp-content\/uploads\/2024\/05\/IMG_3151-1536x2048.jpg 1536w, https:\/\/pracowniatanczacejwody.com.pl\/wp-content\/uploads\/2024\/05\/IMG_3151-600x800.jpg 600w, https:\/\/pracowniatanczacejwody.com.pl\/wp-content\/uploads\/2024\/05\/IMG_3151-scaled.jpg 1920w\" sizes=\"(max-width: 768px) 100vw, 768px\" \/><\/figure>\n<\/div>\n<\/div>\n\n\n\n<div class=\"wp-block-columns is-layout-flex wp-container-core-columns-is-layout-9d6595d7 wp-block-columns-is-layout-flex\">\n<div class=\"wp-block-column is-layout-flow wp-block-column-is-layout-flow\">\n<p><strong>Warsztaty szycia notes\u00f3w<\/strong><\/p>\n\n\n\n<p class=\"has-medium-font-size\"><strong> <\/strong>Na tych zaj\u0119ciach od podstaw stworzymy w\u0142asne, niepowtarzalne notesy-od kartek papieru po ok\u0142adk\u0119. Maj\u0105c do dyspozycji r\u0119cznie czerpane papiery oraz ozdobne papiery introligatorskie, uczymy si\u0119 podstaw introligatorskich, planowania i kompozycji. Korzystaj\u0105c do wyboru z tradycyjnego \u015bciegu koptyjskiego lub japo\u0144skiego uczestnicy zszywaj\u0105 notes oraz sklejaj\u0105 ozdobn\u0105 ok\u0142adk\u0119. Ka\u017cdy uczestnik wychodzi z zaj\u0119\u0107, ze swoim niepowtarzalnym notesem.&nbsp;<\/p>\n<\/div>\n\n\n\n<div class=\"wp-block-column is-layout-flow wp-block-column-is-layout-flow\">\n<figure class=\"wp-block-image size-large\"><img decoding=\"async\" width=\"768\" height=\"1024\" src=\"https:\/\/pracowniatanczacejwody.com.pl\/wp-content\/uploads\/2024\/05\/IMG_3178-768x1024.jpg\" alt=\"\" class=\"wp-image-610\" style=\"object-fit:cover\" srcset=\"https:\/\/pracowniatanczacejwody.com.pl\/wp-content\/uploads\/2024\/05\/IMG_3178-768x1024.jpg 768w, https:\/\/pracowniatanczacejwody.com.pl\/wp-content\/uploads\/2024\/05\/IMG_3178-225x300.jpg 225w, https:\/\/pracowniatanczacejwody.com.pl\/wp-content\/uploads\/2024\/05\/IMG_3178-1152x1536.jpg 1152w, https:\/\/pracowniatanczacejwody.com.pl\/wp-content\/uploads\/2024\/05\/IMG_3178-1536x2048.jpg 1536w, https:\/\/pracowniatanczacejwody.com.pl\/wp-content\/uploads\/2024\/05\/IMG_3178-600x800.jpg 600w, https:\/\/pracowniatanczacejwody.com.pl\/wp-content\/uploads\/2024\/05\/IMG_3178-scaled.jpg 1920w\" sizes=\"(max-width: 768px) 100vw, 768px\" \/><\/figure>\n<\/div>\n<\/div>\n\n\n\n<div class=\"wp-block-columns is-layout-flex wp-container-core-columns-is-layout-9d6595d7 wp-block-columns-is-layout-flex\">\n<div class=\"wp-block-column is-layout-flow wp-block-column-is-layout-flow\">\n<p class=\"has-medium-font-size\"><strong>Warsztaty plecionkarskie<\/strong><\/p>\n\n\n\n<p class=\"has-medium-font-size\">Plecionkarstwo to prastare r\u0119kodzie\u0142o, kt\u00f3re towarzyszy ludziom na ca\u0142ym \u015bwiecie. Daje praktycznie nieograniczone mo\u017cliwo\u015bci dekoracyjno-u\u017cytkowe, jest niezwykle przyjemnym i relaksuj\u0105cym zaj\u0119ciem. Od zawsze ludzie spotykali si\u0119 by wsp\u00f3lnie wyplata\u0107, sp\u0119dzaj\u0105c w ten spos\u00f3b przyjemnie czas. Kula wiklinowa to najprostsza forma plecionkarska, jest bardzo dobrym zadaniem na pocz\u0105tek , \u017ceby pozna\u0107 podstawy pracy z wiklin\u0105 oraz poczu\u0107 ten materia\u0142. Gotow\u0105 kul\u0119 mo\u017cna wykorzysta\u0107 jako ozdob\u0119 ogrodu I domu, lampion itp. Drug\u0105 podstawow\u0105 form\u0105 plecionkarsk\u0105 jest wieniec wiklinowy, wyplatany zazwyczaj z delikatniejszych okorowanych witek. Wieniec mo\u017ce by\u0107 ozdob\u0105 sam w sobie, stanowi te\u017c doskona\u0142\u0105 baz\u0119 pod inne dekoracje, np. \u015awi\u0105teczny wianek.&nbsp;<\/p>\n<\/div>\n\n\n\n<div class=\"wp-block-column is-layout-flow wp-block-column-is-layout-flow\">\n<figure class=\"wp-block-image size-large\"><img loading=\"lazy\" decoding=\"async\" width=\"768\" height=\"1024\" src=\"https:\/\/pracowniatanczacejwody.com.pl\/wp-content\/uploads\/2024\/05\/IMG_3161-768x1024.jpg\" alt=\"\" class=\"wp-image-612\" srcset=\"https:\/\/pracowniatanczacejwody.com.pl\/wp-content\/uploads\/2024\/05\/IMG_3161-768x1024.jpg 768w, https:\/\/pracowniatanczacejwody.com.pl\/wp-content\/uploads\/2024\/05\/IMG_3161-225x300.jpg 225w, https:\/\/pracowniatanczacejwody.com.pl\/wp-content\/uploads\/2024\/05\/IMG_3161-1152x1536.jpg 1152w, https:\/\/pracowniatanczacejwody.com.pl\/wp-content\/uploads\/2024\/05\/IMG_3161-1536x2048.jpg 1536w, https:\/\/pracowniatanczacejwody.com.pl\/wp-content\/uploads\/2024\/05\/IMG_3161-600x800.jpg 600w, https:\/\/pracowniatanczacejwody.com.pl\/wp-content\/uploads\/2024\/05\/IMG_3161-scaled.jpg 1920w\" sizes=\"(max-width: 768px) 100vw, 768px\" \/><\/figure>\n<\/div>\n<\/div>\n","protected":false},"excerpt":{"rendered":"<p>Zapraszam do kontaktu w celu om\u00f3wienia szczeg\u00f3\u0142\u00f3w warsztat\u00f3w i dopasowania do potrzeb uczestnik\u00f3w. Ceny s\u0105 ustalane indywidualne w zale\u017cno\u015bci od wielko\u015bci grupy, czasu trwania, oczekiwa\u0144. Warsztaty Ebru, czyli malowanie na wodzie. Ebru to tradycyjna turecka sztuka zdobienia papieru. Wynaleziona w \u015bredniowieczu i do dzi\u015b praktykuje si\u0119 j\u0105 w niezmienionej formie, przy u\u017cyciu tradycyjnych materia\u0142\u00f3w i farb naturalnego pochodzenia. Farby rozprowadza si\u0119 na wodzie na pomoc\u0105 specjalnych p\u0119dzli i szpikulc\u00f3w. Kolory unosz\u0105 si\u0119 na powierzchni tworz\u0105c wielobarwny dywan. Mo\u017cna&hellip;<\/p>\n","protected":false},"author":1,"featured_media":0,"parent":0,"menu_order":0,"comment_status":"closed","ping_status":"open","template":"","meta":{"footnotes":""},"class_list":["post-2","page","type-page","status-publish","hentry"],"jetpack_sharing_enabled":true,"_links":{"self":[{"href":"https:\/\/pracowniatanczacejwody.com.pl\/index.php?rest_route=\/wp\/v2\/pages\/2","targetHints":{"allow":["GET"]}}],"collection":[{"href":"https:\/\/pracowniatanczacejwody.com.pl\/index.php?rest_route=\/wp\/v2\/pages"}],"about":[{"href":"https:\/\/pracowniatanczacejwody.com.pl\/index.php?rest_route=\/wp\/v2\/types\/page"}],"author":[{"embeddable":true,"href":"https:\/\/pracowniatanczacejwody.com.pl\/index.php?rest_route=\/wp\/v2\/users\/1"}],"replies":[{"embeddable":true,"href":"https:\/\/pracowniatanczacejwody.com.pl\/index.php?rest_route=%2Fwp%2Fv2%2Fcomments&post=2"}],"version-history":[{"count":13,"href":"https:\/\/pracowniatanczacejwody.com.pl\/index.php?rest_route=\/wp\/v2\/pages\/2\/revisions"}],"predecessor-version":[{"id":720,"href":"https:\/\/pracowniatanczacejwody.com.pl\/index.php?rest_route=\/wp\/v2\/pages\/2\/revisions\/720"}],"wp:attachment":[{"href":"https:\/\/pracowniatanczacejwody.com.pl\/index.php?rest_route=%2Fwp%2Fv2%2Fmedia&parent=2"}],"curies":[{"name":"wp","href":"https:\/\/api.w.org\/{rel}","templated":true}]}}